{"id":7339,"date":"2025-04-05T09:29:41","date_gmt":"2025-04-05T08:29:41","guid":{"rendered":"https:\/\/mdg.studio\/service\/fotografie-videoproduktion\/"},"modified":"2025-11-14T15:09:23","modified_gmt":"2025-11-14T15:09:23","slug":"fotografie-videoproduktion","status":"publish","type":"page","link":"https:\/\/mdg.studio\/de\/leistungen\/fotografie-videoproduktion\/","title":{"rendered":"Fotografie &amp; Videoproduktion"},"content":{"rendered":"<p><div class=\"fusion-fullwidth fullwidth-box fusion-builder-row-1 fusion-flex-container has-pattern-background has-mask-background nonhundred-percent-fullwidth non-hundred-percent-height-scrolling\" style=\"--awb-border-radius-top-left:0px;--awb-border-radius-top-right:0px;--awb-border-radius-bottom-right:0px;--awb-border-radius-bottom-left:0px;--awb-padding-bottom:60px;--awb-flex-wrap:wrap;\" ><div class=\"fusion-builder-row fusion-row fusion-flex-align-items-flex-start fusion-flex-content-wrap\" style=\"max-width:calc( 90% + 20px );margin-left: calc(-20px \/ 2 );margin-right: calc(-20px \/ 2 );\"><div class=\"fusion-layout-column fusion_builder_column fusion-builder-column-0 fusion_builder_column_2_3 2_3 fusion-flex-column\" style=\"--awb-bg-size:cover;--awb-width-large:66.666666666667%;--awb-margin-top-large:0px;--awb-spacing-right-large:10px;--awb-margin-bottom-large:0px;--awb-spacing-left-large:10px;--awb-width-medium:66.666666666667%;--awb-spacing-right-medium:10px;--awb-spacing-left-medium:10px;--awb-width-small:100%;--awb-spacing-right-small:10px;--awb-spacing-left-small:10px;\"><div class=\"fusion-column-wrapper fusion-flex-justify-content-flex-start fusion-content-layout-column\"><div class=\"fusion-title title fusion-title-1 fusion-sep-none fusion-title-text fusion-title-size-one\" style=\"--awb-margin-top-small:0px;--awb-margin-right-small:0px;--awb-margin-bottom-small:0px;--awb-margin-left-small:0px;\"><h1 class=\"fusion-title-heading title-heading-left fusion-responsive-typography-calculated\" style=\"margin:0;--fontSize:33;line-height:var(--awb-typography1-line-height);\">Fotografie &amp; Videoproduktion<\/h1><\/div><div class=\"fusion-title title fusion-title-2 fusion-sep-none fusion-title-text fusion-title-size-two\" style=\"--awb-margin-top-small:0px;--awb-margin-right-small:0px;--awb-margin-bottom-small:0px;--awb-margin-left-small:0px;\"><h2 class=\"fusion-title-heading title-heading-left fusion-responsive-typography-calculated\" style=\"margin:0;--fontSize:30;line-height:1.3;\">Visuelles Storytelling mit Ziel und Pr\u00e4zision.<\/h2><\/div><\/div><\/div><\/div><\/div><div class=\"fusion-fullwidth fullwidth-box fusion-builder-row-2 fusion-flex-container has-pattern-background has-mask-background fusion-parallax-none nonhundred-percent-fullwidth non-hundred-percent-height-scrolling fusion-animated fusion-custom-z-index\" style=\"--awb-border-radius-top-left:0px;--awb-border-radius-top-right:0px;--awb-border-radius-bottom-right:0px;--awb-border-radius-bottom-left:0px;--awb-z-index:123;--awb-padding-top:300px;--awb-padding-bottom:300px;--awb-padding-top-small:150px;--awb-padding-bottom-small:150px;--awb-background-image:url(&quot;https:\/\/mdg.studio\/wp-content\/uploads\/video-photo.webp&quot;);--awb-background-size:cover;--awb-flex-wrap:wrap;\" data-animationType=\"fadeInDown\" data-animationDuration=\"1.2\" data-animationOffset=\"top-into-view\" ><div class=\"fusion-builder-row fusion-row fusion-flex-align-items-flex-start fusion-flex-content-wrap\" style=\"max-width:calc( 90% + 20px );margin-left: calc(-20px \/ 2 );margin-right: calc(-20px \/ 2 );\"><div class=\"fusion-layout-column fusion_builder_column fusion-builder-column-1 fusion_builder_column_1_1 1_1 fusion-flex-column\" style=\"--awb-bg-size:cover;--awb-width-large:100%;--awb-margin-top-large:0px;--awb-spacing-right-large:10px;--awb-margin-bottom-large:0px;--awb-spacing-left-large:10px;--awb-width-medium:100%;--awb-order-medium:0;--awb-spacing-right-medium:10px;--awb-spacing-left-medium:10px;--awb-width-small:100%;--awb-order-small:0;--awb-spacing-right-small:10px;--awb-spacing-left-small:10px;\"><div class=\"fusion-column-wrapper fusion-column-has-shadow fusion-flex-justify-content-flex-start fusion-content-layout-column\"><\/div><\/div><\/div><\/div><div class=\"fusion-fullwidth fullwidth-box fusion-builder-row-3 fusion-flex-container has-pattern-background has-mask-background nonhundred-percent-fullwidth non-hundred-percent-height-scrolling fusion-animated\" style=\"--awb-border-radius-top-left:0px;--awb-border-radius-top-right:0px;--awb-border-radius-bottom-right:0px;--awb-border-radius-bottom-left:0px;--awb-flex-wrap:wrap;\" data-animationType=\"fadeInDown\" data-animationDuration=\"1.2\" data-animationOffset=\"top-into-view\" ><div class=\"fusion-builder-row fusion-row fusion-flex-align-items-flex-start fusion-flex-content-wrap\" style=\"max-width:calc( 90% + 20px );margin-left: calc(-20px \/ 2 );margin-right: calc(-20px \/ 2 );\"><div class=\"fusion-layout-column fusion_builder_column fusion-builder-column-2 fusion_builder_column_1_1 1_1 fusion-flex-column\" style=\"--awb-bg-size:cover;--awb-width-large:100%;--awb-margin-top-large:0px;--awb-spacing-right-large:10px;--awb-margin-bottom-large:0px;--awb-spacing-left-large:10px;--awb-width-medium:100%;--awb-order-medium:0;--awb-spacing-right-medium:10px;--awb-spacing-left-medium:10px;--awb-width-small:100%;--awb-order-small:0;--awb-spacing-right-small:10px;--awb-spacing-left-small:10px;\"><div class=\"fusion-column-wrapper fusion-column-has-shadow fusion-flex-justify-content-flex-start fusion-content-layout-column\"><nav class=\"fusion-breadcrumbs awb-yoast-breadcrumbs fusion-breadcrumbs-1\" style=\"--awb-text-hover-color:var(--awb-color8);--awb-breadcrumb-sep:&#039;\/&#039;;\" aria-label=\"Breadcrumb\"><span><span><a href=\"https:\/\/mdg.studio\/de\/\">Home<\/a><\/span><\/span><\/nav><\/div><\/div><\/div><\/div><div class=\"fusion-fullwidth fullwidth-box fusion-builder-row-4 fusion-flex-container has-pattern-background has-mask-background nonhundred-percent-fullwidth non-hundred-percent-height-scrolling\" style=\"--awb-border-radius-top-left:0px;--awb-border-radius-top-right:0px;--awb-border-radius-bottom-right:0px;--awb-border-radius-bottom-left:0px;--awb-padding-top:60px;--awb-flex-wrap:wrap;\" ><div class=\"fusion-builder-row fusion-row fusion-flex-align-items-flex-start fusion-flex-content-wrap\" style=\"max-width:calc( 90% + 20px );margin-left: calc(-20px \/ 2 );margin-right: calc(-20px \/ 2 );\"><div class=\"fusion-layout-column fusion_builder_column fusion-builder-column-3 fusion_builder_column_2_3 2_3 fusion-flex-column\" style=\"--awb-bg-size:cover;--awb-width-large:66.666666666667%;--awb-margin-top-large:0px;--awb-spacing-right-large:10px;--awb-margin-bottom-large:0px;--awb-spacing-left-large:10px;--awb-width-medium:66.666666666667%;--awb-order-medium:0;--awb-spacing-right-medium:10px;--awb-spacing-left-medium:10px;--awb-width-small:100%;--awb-order-small:0;--awb-spacing-right-small:10px;--awb-spacing-left-small:10px;\"><div class=\"fusion-column-wrapper fusion-column-has-shadow fusion-flex-justify-content-flex-start fusion-content-layout-column\"><div class=\"fusion-text fusion-text-1\"><p>Hochwertige visuelle Inhalte sind entscheidend f\u00fcr eine ansprechende Kommunikation. Wir bieten professionelle Fotografie- und Videoproduktionsdienste, die auf Ihre Marke zugeschnitten sind, und fangen Geschichten, Menschen, R\u00e4ume und Produkte mit Klarheit und Kreativit\u00e4t ein. Ob f\u00fcr Marketing, interne Kommunikation oder Social Media \u2013 wir produzieren Inhalte, die einen bleibenden Eindruck hinterlassen.<\/p>\n<\/div><\/div><\/div><\/div><\/div><div class=\"fusion-fullwidth fullwidth-box fusion-builder-row-5 fusion-flex-container nonhundred-percent-fullwidth non-hundred-percent-height-scrolling\" style=\"--awb-border-radius-top-left:0px;--awb-border-radius-top-right:0px;--awb-border-radius-bottom-right:0px;--awb-border-radius-bottom-left:0px;--awb-flex-wrap:wrap;\" ><div class=\"fusion-builder-row fusion-row fusion-flex-align-items-flex-start fusion-flex-content-wrap\" style=\"max-width:calc( 90% + 20px );margin-left: calc(-20px \/ 2 );margin-right: calc(-20px \/ 2 );\"><div class=\"fusion-layout-column fusion_builder_column fusion-builder-column-4 fusion_builder_column_2_3 2_3 fusion-flex-column\" style=\"--awb-bg-size:cover;--awb-width-large:66.666666666667%;--awb-margin-top-large:0px;--awb-spacing-right-large:10px;--awb-margin-bottom-large:0px;--awb-spacing-left-large:10px;--awb-width-medium:66.666666666667%;--awb-spacing-right-medium:10px;--awb-spacing-left-medium:10px;--awb-width-small:100%;--awb-spacing-right-small:10px;--awb-spacing-left-small:10px;\"><div class=\"fusion-column-wrapper fusion-flex-justify-content-flex-start fusion-content-layout-column\"><div class=\"fusion-title title fusion-title-3 fusion-sep-none fusion-title-text fusion-title-size-one\" style=\"--awb-margin-bottom:30px;--awb-margin-top-small:0px;--awb-margin-right-small:0px;--awb-margin-bottom-small:30px;--awb-margin-left-small:0px;\"><h1 class=\"fusion-title-heading title-heading-left fusion-responsive-typography-calculated\" style=\"margin:0;--fontSize:33;line-height:var(--awb-typography1-line-height);\">Unsere Fotografie &amp; Videoproduktion-Dienstleistungen:<\/h1><\/div><div class=\"fusion-title title fusion-title-4 fusion-sep-none fusion-title-text fusion-title-size-three\" style=\"--awb-margin-top-small:0px;--awb-margin-right-small:0px;--awb-margin-bottom-small:0px;--awb-margin-left-small:0px;\"><h3 class=\"fusion-title-heading title-heading-left fusion-responsive-typography-calculated\" style=\"margin:0;text-transform:uppercase;--fontSize:22;line-height:var(--awb-typography1-line-height);\">Corporate-Fotografie<\/h3><\/div><div class=\"fusion-text fusion-text-2\"><p>Portr\u00e4ts, Teamfotos und Arbeitsplatzbilder.<\/p>\n<\/div><div class=\"fusion-title title fusion-title-5 fusion-sep-none fusion-title-text fusion-title-size-three\" style=\"--awb-margin-top-small:0px;--awb-margin-right-small:0px;--awb-margin-bottom-small:0px;--awb-margin-left-small:0px;\"><h3 class=\"fusion-title-heading title-heading-left fusion-responsive-typography-calculated\" style=\"margin:0;text-transform:uppercase;--fontSize:22;line-height:var(--awb-typography1-line-height);\">Produktfotografie<\/h3><\/div><div class=\"fusion-text fusion-text-3\"><p>Saubere, detaillierte Bilder f\u00fcr Kataloge und Online-Shops.<\/p>\n<\/div><div class=\"fusion-title title fusion-title-6 fusion-sep-none fusion-title-text fusion-title-size-three\" style=\"--awb-margin-top-small:0px;--awb-margin-right-small:0px;--awb-margin-bottom-small:0px;--awb-margin-left-small:0px;\"><h3 class=\"fusion-title-heading title-heading-left fusion-responsive-typography-calculated\" style=\"margin:0;text-transform:uppercase;--fontSize:22;line-height:var(--awb-typography1-line-height);\">Event-Berichterstattung<\/h3><\/div><div class=\"fusion-text fusion-text-4\"><p>Einfangen wichtiger Momente bei Firmen- oder \u00f6ffentlichen Veranstaltungen.<\/p>\n<\/div><div class=\"fusion-title title fusion-title-7 fusion-sep-none fusion-title-text fusion-title-size-three\" style=\"--awb-margin-top-small:0px;--awb-margin-right-small:0px;--awb-margin-bottom-small:0px;--awb-margin-left-small:0px;\"><h3 class=\"fusion-title-heading title-heading-left fusion-responsive-typography-calculated\" style=\"margin:0;text-transform:uppercase;--fontSize:22;line-height:var(--awb-typography1-line-height);\">Unternehmensvideos<\/h3><\/div><div class=\"fusion-text fusion-text-5\"><p>Ihre Marke, Werte oder Dienstleistungen in Bewegung pr\u00e4sentieren.<\/p>\n<\/div><div class=\"fusion-title title fusion-title-8 fusion-sep-none fusion-title-text fusion-title-size-three\" style=\"--awb-margin-top-small:0px;--awb-margin-right-small:0px;--awb-margin-bottom-small:0px;--awb-margin-left-small:0px;\"><h3 class=\"fusion-title-heading title-heading-left fusion-responsive-typography-calculated\" style=\"margin:0;text-transform:uppercase;--fontSize:22;line-height:var(--awb-typography1-line-height);\">Werbespots &amp; Anzeigen<\/h3><\/div><div class=\"fusion-text fusion-text-6\"><p>Kurze Videos f\u00fcr Web, TV oder Social-Media-Kampagnen.<\/p>\n<\/div><div class=\"fusion-title title fusion-title-9 fusion-sep-none fusion-title-text fusion-title-size-three\" style=\"--awb-margin-top-small:0px;--awb-margin-right-small:0px;--awb-margin-bottom-small:0px;--awb-margin-left-small:0px;\"><h3 class=\"fusion-title-heading title-heading-left fusion-responsive-typography-calculated\" style=\"margin:0;text-transform:uppercase;--fontSize:22;line-height:var(--awb-typography1-line-height);\">Social Media Clips<\/h3><\/div><div class=\"fusion-text fusion-text-7\"><p>Schnelle, ansprechende Inhalte, die f\u00fcr digitale Plattformen entwickelt wurden.<\/p>\n<\/div><div class=\"fusion-title title fusion-title-10 fusion-sep-none fusion-title-text fusion-title-size-three\" style=\"--awb-margin-top-small:0px;--awb-margin-right-small:0px;--awb-margin-bottom-small:0px;--awb-margin-left-small:0px;\"><h3 class=\"fusion-title-heading title-heading-left fusion-responsive-typography-calculated\" style=\"margin:0;text-transform:uppercase;--fontSize:22;line-height:var(--awb-typography1-line-height);\">Luftfotografie &amp; Drohnenvideo<\/h3><\/div><div class=\"fusion-text fusion-text-8\"><p>F\u00fcr eine einzigartige und dynamische Perspektive.<\/p>\n<\/div><div class=\"fusion-title title fusion-title-11 fusion-sep-none fusion-title-text fusion-title-size-three\" style=\"--awb-margin-top-small:0px;--awb-margin-right-small:0px;--awb-margin-bottom-small:0px;--awb-margin-left-small:0px;\"><h3 class=\"fusion-title-heading title-heading-left fusion-responsive-typography-calculated\" style=\"margin:0;text-transform:uppercase;--fontSize:22;line-height:var(--awb-typography1-line-height);\">Post-Produktion<\/h3><\/div><div class=\"fusion-text fusion-text-9\"><p>Bearbeitung, Farbkorrektur, Sounddesign und Auslieferung.<\/p>\n<\/div><div ><a class=\"fusion-button button-flat fusion-button-default-size button-default fusion-button-default button-1 fusion-button-default-span fusion-button-default-type fusion-no-small-visibility awb-b-icon-pos-right\" style=\"--button_margin-top:30px;\" target=\"_self\" data-hover=\"icon_position\" href=\"https:\/\/mdg.studio\/de\/portfolio\/\"><span class=\"fusion-button-text awb-button__text awb-button__text--default\">Portfolio<\/span><i class=\"fa-arrow-right fal awb-button__icon awb-button__icon--default button-icon-right\" aria-hidden=\"true\"><\/i><i class=\"fa-arrow-right fal awb-button__icon awb-button__icon--default button-icon-right\" aria-hidden=\"true\"><\/i><\/a><\/div><div ><a class=\"fusion-button button-flat fusion-button-default-size button-default fusion-button-default button-2 fusion-button-default-span fusion-button-default-type fusion-no-medium-visibility fusion-no-large-visibility\" style=\"--button_margin-top:30px;\" target=\"_self\" href=\"https:\/\/mdg.studio\/de\/portfolio\/\"><span class=\"fusion-button-text awb-button__text awb-button__text--default\">Portfolio<\/span><i class=\"fa-arrow-right fal awb-button__icon awb-button__icon--default button-icon-right\" aria-hidden=\"true\"><\/i><\/a><\/div><\/div><\/div><\/div><\/div><div class=\"fusion-fullwidth fullwidth-box fusion-builder-row-6 fusion-flex-container has-pattern-background has-mask-background nonhundred-percent-fullwidth non-hundred-percent-height-scrolling\" style=\"--awb-border-radius-top-left:0px;--awb-border-radius-top-right:0px;--awb-border-radius-bottom-right:0px;--awb-border-radius-bottom-left:0px;--awb-flex-wrap:wrap;\" ><div class=\"fusion-builder-row fusion-row fusion-flex-align-items-flex-start fusion-flex-content-wrap\" style=\"max-width:calc( 90% + 20px );margin-left: calc(-20px \/ 2 );margin-right: calc(-20px \/ 2 );\"><div class=\"fusion-layout-column fusion_builder_column fusion-builder-column-5 fusion_builder_column_2_3 2_3 fusion-flex-column\" style=\"--awb-bg-size:cover;--awb-width-large:66.666666666667%;--awb-margin-top-large:0px;--awb-spacing-right-large:10px;--awb-margin-bottom-large:0px;--awb-spacing-left-large:10px;--awb-width-medium:66.666666666667%;--awb-order-medium:0;--awb-spacing-right-medium:10px;--awb-spacing-left-medium:10px;--awb-width-small:100%;--awb-order-small:0;--awb-spacing-right-small:10px;--awb-spacing-left-small:10px;\"><div class=\"fusion-column-wrapper fusion-column-has-shadow fusion-flex-justify-content-flex-start fusion-content-layout-column\"><\/div><\/div><\/div><\/div><\/p>\n","protected":false},"excerpt":{"rendered":"","protected":false},"author":1,"featured_media":0,"parent":7170,"menu_order":0,"comment_status":"closed","ping_status":"closed","template":"100-width.php","meta":{"_acf_changed":false,"footnotes":""},"class_list":["post-7339","page","type-page","status-publish","hentry"],"acf":[],"yoast_head":"<!-- This site is optimized with the Yoast SEO plugin v27.3 - https:\/\/yoast.com\/product\/yoast-seo-wordpress\/ -->\n<title>Fotografie &amp; Videoproduktion - mdg.studio<\/title>\n<meta name=\"robots\" content=\"index, follow, max-snippet:-1, max-image-preview:large, max-video-preview:-1\" \/>\n<link rel=\"canonical\" href=\"https:\/\/mdg.studio\/de\/leistungen\/fotografie-videoproduktion\/\" \/>\n<meta property=\"og:locale\" content=\"de_DE\" \/>\n<meta property=\"og:type\" content=\"article\" \/>\n<meta property=\"og:title\" content=\"Fotografie &amp; Videoproduktion - mdg.studio\" \/>\n<meta property=\"og:url\" content=\"https:\/\/mdg.studio\/de\/leistungen\/fotografie-videoproduktion\/\" \/>\n<meta property=\"og:site_name\" content=\"mdg.studio\" \/>\n<meta property=\"article:modified_time\" content=\"2025-11-14T15:09:23+00:00\" \/>\n<meta name=\"twitter:card\" content=\"summary_large_image\" \/>\n<meta name=\"twitter:label1\" content=\"Gesch\u00e4tzte Lesezeit\" \/>\n\t<meta name=\"twitter:data1\" content=\"1\u00a0Minute\" \/>\n<script type=\"application\/ld+json\" class=\"yoast-schema-graph\">{\"@context\":\"https:\\\/\\\/schema.org\",\"@graph\":[{\"@type\":\"WebPage\",\"@id\":\"https:\\\/\\\/mdg.studio\\\/de\\\/leistungen\\\/fotografie-videoproduktion\\\/\",\"url\":\"https:\\\/\\\/mdg.studio\\\/de\\\/leistungen\\\/fotografie-videoproduktion\\\/\",\"name\":\"Fotografie &amp; Videoproduktion - mdg.studio\",\"isPartOf\":{\"@id\":\"https:\\\/\\\/mdg.studio\\\/de\\\/#website\"},\"datePublished\":\"2025-04-05T08:29:41+00:00\",\"dateModified\":\"2025-11-14T15:09:23+00:00\",\"breadcrumb\":{\"@id\":\"https:\\\/\\\/mdg.studio\\\/de\\\/leistungen\\\/fotografie-videoproduktion\\\/#breadcrumb\"},\"inLanguage\":\"de\",\"potentialAction\":[{\"@type\":\"ReadAction\",\"target\":[\"https:\\\/\\\/mdg.studio\\\/de\\\/leistungen\\\/fotografie-videoproduktion\\\/\"]}]},{\"@type\":\"BreadcrumbList\",\"@id\":\"https:\\\/\\\/mdg.studio\\\/de\\\/leistungen\\\/fotografie-videoproduktion\\\/#breadcrumb\",\"itemListElement\":[{\"@type\":\"ListItem\",\"position\":1,\"name\":\"Home\",\"item\":\"https:\\\/\\\/mdg.studio\\\/de\\\/\"},{\"@type\":\"ListItem\",\"position\":2,\"name\":\"Leistungen\",\"item\":\"https:\\\/\\\/mdg.studio\\\/de\\\/leistungen\\\/\"},{\"@type\":\"ListItem\",\"position\":3,\"name\":\"Fotografie &amp; Videoproduktion\"}]},{\"@type\":\"WebSite\",\"@id\":\"https:\\\/\\\/mdg.studio\\\/de\\\/#website\",\"url\":\"https:\\\/\\\/mdg.studio\\\/de\\\/\",\"name\":\"mdg.studio\",\"description\":\"\",\"publisher\":{\"@id\":\"https:\\\/\\\/mdg.studio\\\/de\\\/#organization\"},\"potentialAction\":[{\"@type\":\"SearchAction\",\"target\":{\"@type\":\"EntryPoint\",\"urlTemplate\":\"https:\\\/\\\/mdg.studio\\\/de\\\/?s={search_term_string}\"},\"query-input\":{\"@type\":\"PropertyValueSpecification\",\"valueRequired\":true,\"valueName\":\"search_term_string\"}}],\"inLanguage\":\"de\"},{\"@type\":\"Organization\",\"@id\":\"https:\\\/\\\/mdg.studio\\\/de\\\/#organization\",\"name\":\"Multimedia Dynamic Group\",\"url\":\"https:\\\/\\\/mdg.studio\\\/de\\\/\",\"logo\":{\"@type\":\"ImageObject\",\"inLanguage\":\"de\",\"@id\":\"https:\\\/\\\/mdg.studio\\\/de\\\/#\\\/schema\\\/logo\\\/image\\\/\",\"url\":\"https:\\\/\\\/mdg.studio\\\/wp-content\\\/uploads\\\/m2.svg\",\"contentUrl\":\"https:\\\/\\\/mdg.studio\\\/wp-content\\\/uploads\\\/m2.svg\",\"width\":465,\"height\":290,\"caption\":\"Multimedia Dynamic Group\"},\"image\":{\"@id\":\"https:\\\/\\\/mdg.studio\\\/de\\\/#\\\/schema\\\/logo\\\/image\\\/\"}}]}<\/script>\n<!-- \/ Yoast SEO plugin. -->","yoast_head_json":{"title":"Fotografie &amp; Videoproduktion - mdg.studio","robots":{"index":"index","follow":"follow","max-snippet":"max-snippet:-1","max-image-preview":"max-image-preview:large","max-video-preview":"max-video-preview:-1"},"canonical":"https:\/\/mdg.studio\/de\/leistungen\/fotografie-videoproduktion\/","og_locale":"de_DE","og_type":"article","og_title":"Fotografie &amp; Videoproduktion - mdg.studio","og_url":"https:\/\/mdg.studio\/de\/leistungen\/fotografie-videoproduktion\/","og_site_name":"mdg.studio","article_modified_time":"2025-11-14T15:09:23+00:00","twitter_card":"summary_large_image","twitter_misc":{"Gesch\u00e4tzte Lesezeit":"1\u00a0Minute"},"schema":{"@context":"https:\/\/schema.org","@graph":[{"@type":"WebPage","@id":"https:\/\/mdg.studio\/de\/leistungen\/fotografie-videoproduktion\/","url":"https:\/\/mdg.studio\/de\/leistungen\/fotografie-videoproduktion\/","name":"Fotografie &amp; Videoproduktion - mdg.studio","isPartOf":{"@id":"https:\/\/mdg.studio\/de\/#website"},"datePublished":"2025-04-05T08:29:41+00:00","dateModified":"2025-11-14T15:09:23+00:00","breadcrumb":{"@id":"https:\/\/mdg.studio\/de\/leistungen\/fotografie-videoproduktion\/#breadcrumb"},"inLanguage":"de","potentialAction":[{"@type":"ReadAction","target":["https:\/\/mdg.studio\/de\/leistungen\/fotografie-videoproduktion\/"]}]},{"@type":"BreadcrumbList","@id":"https:\/\/mdg.studio\/de\/leistungen\/fotografie-videoproduktion\/#breadcrumb","itemListElement":[{"@type":"ListItem","position":1,"name":"Home","item":"https:\/\/mdg.studio\/de\/"},{"@type":"ListItem","position":2,"name":"Leistungen","item":"https:\/\/mdg.studio\/de\/leistungen\/"},{"@type":"ListItem","position":3,"name":"Fotografie &amp; Videoproduktion"}]},{"@type":"WebSite","@id":"https:\/\/mdg.studio\/de\/#website","url":"https:\/\/mdg.studio\/de\/","name":"mdg.studio","description":"","publisher":{"@id":"https:\/\/mdg.studio\/de\/#organization"},"potentialAction":[{"@type":"SearchAction","target":{"@type":"EntryPoint","urlTemplate":"https:\/\/mdg.studio\/de\/?s={search_term_string}"},"query-input":{"@type":"PropertyValueSpecification","valueRequired":true,"valueName":"search_term_string"}}],"inLanguage":"de"},{"@type":"Organization","@id":"https:\/\/mdg.studio\/de\/#organization","name":"Multimedia Dynamic Group","url":"https:\/\/mdg.studio\/de\/","logo":{"@type":"ImageObject","inLanguage":"de","@id":"https:\/\/mdg.studio\/de\/#\/schema\/logo\/image\/","url":"https:\/\/mdg.studio\/wp-content\/uploads\/m2.svg","contentUrl":"https:\/\/mdg.studio\/wp-content\/uploads\/m2.svg","width":465,"height":290,"caption":"Multimedia Dynamic Group"},"image":{"@id":"https:\/\/mdg.studio\/de\/#\/schema\/logo\/image\/"}}]}},"_links":{"self":[{"href":"https:\/\/mdg.studio\/de\/wp-json\/wp\/v2\/pages\/7339","targetHints":{"allow":["GET"]}}],"collection":[{"href":"https:\/\/mdg.studio\/de\/wp-json\/wp\/v2\/pages"}],"about":[{"href":"https:\/\/mdg.studio\/de\/wp-json\/wp\/v2\/types\/page"}],"author":[{"embeddable":true,"href":"https:\/\/mdg.studio\/de\/wp-json\/wp\/v2\/users\/1"}],"replies":[{"embeddable":true,"href":"https:\/\/mdg.studio\/de\/wp-json\/wp\/v2\/comments?post=7339"}],"version-history":[{"count":3,"href":"https:\/\/mdg.studio\/de\/wp-json\/wp\/v2\/pages\/7339\/revisions"}],"predecessor-version":[{"id":7775,"href":"https:\/\/mdg.studio\/de\/wp-json\/wp\/v2\/pages\/7339\/revisions\/7775"}],"up":[{"embeddable":true,"href":"https:\/\/mdg.studio\/de\/wp-json\/wp\/v2\/pages\/7170"}],"wp:attachment":[{"href":"https:\/\/mdg.studio\/de\/wp-json\/wp\/v2\/media?parent=7339"}],"curies":[{"name":"wp","href":"https:\/\/api.w.org\/{rel}","templated":true}]}}